{"id":4357,"date":"2022-01-24T12:24:42","date_gmt":"2022-01-24T11:24:42","guid":{"rendered":"https:\/\/postira.hr\/cycling-trails\/"},"modified":"2022-06-20T09:50:58","modified_gmt":"2022-06-20T07:50:58","slug":"cycling-trails","status":"publish","type":"page","link":"https:\/\/postira.hr\/en\/cycling-trails\/","title":{"rendered":"Cycling trails"},"content":{"rendered":"\t\t<div data-elementor-type=\"wp-page\" data-elementor-id=\"4357\" class=\"elementor elementor-4357 elementor-316\">\n\t\t\t\t\t\t\t\t\t<section class=\"elementor-section elementor-top-section elementor-element elementor-element-72125ea7 elementor-section-height-min-height elementor-section-boxed elementor-section-height-default elementor-section-items-middle\" data-id=\"72125ea7\" data-element_type=\"section\" data-settings=\"{&quot;background_background&quot;:&quot;classic&quot;}\">\n\t\t\t\t\t\t\t<div class=\"elementor-background-overlay\"><\/div>\n\t\t\t\t\t\t\t<div class=\"elementor-container elementor-column-gap-no\">\n\t\t\t\t\t<div class=\"elementor-column elementor-col-50 elementor-top-column elementor-element elementor-element-3a6aeb3a\" data-id=\"3a6aeb3a\" data-element_type=\"column\">\n\t\t\t<div class=\"elementor-widget-wrap elementor-element-populated\">\n\t\t\t\t\t\t\t\t<div class=\"elementor-element elementor-element-424902fa e-transform elementor-invisible elementor-widget elementor-widget-heading\" data-id=\"424902fa\" data-element_type=\"widget\" data-settings=\"{&quot;_animation&quot;:&quot;slideInUp&quot;,&quot;_transform_rotateZ_effect&quot;:{&quot;unit&quot;:&quot;px&quot;,&quot;size&quot;:-90,&quot;sizes&quot;:[]},&quot;_transform_rotateZ_effect_laptop&quot;:{&quot;unit&quot;:&quot;deg&quot;,&quot;size&quot;:&quot;&quot;,&quot;sizes&quot;:[]},&quot;_transform_rotateZ_effect_tablet_extra&quot;:{&quot;unit&quot;:&quot;deg&quot;,&quot;size&quot;:&quot;&quot;,&quot;sizes&quot;:[]},&quot;_transform_rotateZ_effect_tablet&quot;:{&quot;unit&quot;:&quot;deg&quot;,&quot;size&quot;:&quot;&quot;,&quot;sizes&quot;:[]},&quot;_transform_rotateZ_effect_mobile&quot;:{&quot;unit&quot;:&quot;deg&quot;,&quot;size&quot;:&quot;&quot;,&quot;sizes&quot;:[]}}\" data-widget_type=\"heading.default\">\n\t\t\t\t<div class=\"elementor-widget-container\">\n\t\t\t<style>\/*! elementor - v3.12.2 - 23-04-2023 *\/\n.elementor-heading-title{padding:0;margin:0;line-height:1}.elementor-widget-heading .elementor-heading-title[class*=elementor-size-]>a{color:inherit;font-size:inherit;line-height:inherit}.elementor-widget-heading .elementor-heading-title.elementor-size-small{font-size:15px}.elementor-widget-heading .elementor-heading-title.elementor-size-medium{font-size:19px}.elementor-widget-heading .elementor-heading-title.elementor-size-large{font-size:29px}.elementor-widget-heading .elementor-heading-title.elementor-size-xl{font-size:39px}.elementor-widget-heading .elementor-heading-title.elementor-size-xxl{font-size:59px}<\/style><h2 class=\"elementor-heading-title elementor-size-default\">EXPERIENCE<\/h2>\t\t<\/div>\n\t\t\t\t<\/div>\n\t\t\t\t\t<\/div>\n\t\t<\/div>\n\t\t\t\t<div class=\"elementor-column elementor-col-50 elementor-top-column elementor-element elementor-element-135f79d6\" data-id=\"135f79d6\" data-element_type=\"column\">\n\t\t\t<div class=\"elementor-widget-wrap elementor-element-populated\">\n\t\t\t\t\t\t\t\t<div class=\"elementor-element elementor-element-1848ce9d elementor-invisible elementor-widget elementor-widget-heading\" data-id=\"1848ce9d\" data-element_type=\"widget\" data-settings=\"{&quot;_animation&quot;:&quot;fadeInDown&quot;}\" data-widget_type=\"heading.default\">\n\t\t\t\t<div class=\"elementor-widget-container\">\n\t\t\t<h2 class=\"elementor-heading-title elementor-size-default\">\nCycling trails<\/h2>\t\t<\/div>\n\t\t\t\t<\/div>\n\t\t\t\t\t<\/div>\n\t\t<\/div>\n\t\t\t\t\t\t\t<\/div>\n\t\t<\/section>\n\t\t\t\t<section class=\"elementor-section elementor-top-section elementor-element elementor-element-f71a040 elementor-section-boxed elementor-section-height-default elementor-section-height-default\" data-id=\"f71a040\" data-element_type=\"section\">\n\t\t\t\t\t\t<div class=\"elementor-container elementor-column-gap-default\">\n\t\t\t\t\t<div class=\"elementor-column elementor-col-100 elementor-top-column elementor-element elementor-element-ba4df93\" data-id=\"ba4df93\" data-element_type=\"column\">\n\t\t\t<div class=\"elementor-widget-wrap elementor-element-populated\">\n\t\t\t\t\t\t\t\t<div class=\"elementor-element elementor-element-b808b2c elementor-widget elementor-widget-heading\" data-id=\"b808b2c\" data-element_type=\"widget\" data-widget_type=\"heading.default\">\n\t\t\t\t<div class=\"elementor-widget-container\">\n\t\t\t<h2 class=\"elementor-heading-title elementor-size-default\">Active holiday<\/h2>\t\t<\/div>\n\t\t\t\t<\/div>\n\t\t\t\t<div class=\"elementor-element elementor-element-e116efa elementor-widget elementor-widget-text-editor\" data-id=\"e116efa\" data-element_type=\"widget\" data-widget_type=\"text-editor.default\">\n\t\t\t\t<div class=\"elementor-widget-container\">\n\t\t\t<style>\/*! elementor - v3.12.2 - 23-04-2023 *\/\n.elementor-widget-text-editor.elementor-drop-cap-view-stacked .elementor-drop-cap{background-color:#69727d;color:#fff}.elementor-widget-text-editor.elementor-drop-cap-view-framed .elementor-drop-cap{color:#69727d;border:3px solid;background-color:transparent}.elementor-widget-text-editor:not(.elementor-drop-cap-view-default) .elementor-drop-cap{margin-top:8px}.elementor-widget-text-editor:not(.elementor-drop-cap-view-default) .elementor-drop-cap-letter{width:1em;height:1em}.elementor-widget-text-editor .elementor-drop-cap{float:left;text-align:center;line-height:1;font-size:50px}.elementor-widget-text-editor .elementor-drop-cap-letter{display:inline-block}<\/style>\t\t\t\t<p>There are more than 1,000 kilometres of landscaped and marked cycling trails on the island of Bra\u010d.<\/p><p>Two trails run through Postira as part of the island&#8217;s joint project: t<a href=\"#profunda\">he Profunda trail<\/a> and <a href=\"#macici\">the Maci\u0107i and Vivers trail<\/a>.<\/p>\t\t\t\t\t\t<\/div>\n\t\t\t\t<\/div>\n\t\t\t\t\t<\/div>\n\t\t<\/div>\n\t\t\t\t\t\t\t<\/div>\n\t\t<\/section>\n\t\t\t\t<section class=\"elementor-section elementor-top-section elementor-element elementor-element-1468770 elementor-section-boxed elementor-section-height-default elementor-section-height-default\" data-id=\"1468770\" data-element_type=\"section\" id=\"profunda\">\n\t\t\t\t\t\t<div class=\"elementor-container elementor-column-gap-default\">\n\t\t\t\t\t<div class=\"elementor-column elementor-col-100 elementor-top-column elementor-element elementor-element-924021d\" data-id=\"924021d\" data-element_type=\"column\">\n\t\t\t<div class=\"elementor-widget-wrap elementor-element-populated\">\n\t\t\t\t\t\t\t\t<div class=\"elementor-element elementor-element-52e89da elementor-widget elementor-widget-heading\" data-id=\"52e89da\" data-element_type=\"widget\" data-widget_type=\"heading.default\">\n\t\t\t\t<div class=\"elementor-widget-container\">\n\t\t\t<h2 class=\"elementor-heading-title elementor-size-default\">Profunda Trail<\/h2>\t\t<\/div>\n\t\t\t\t<\/div>\n\t\t\t\t<div class=\"elementor-element elementor-element-3a1b31f elementor-widget elementor-widget-text-editor\" data-id=\"3a1b31f\" data-element_type=\"widget\" data-widget_type=\"text-editor.default\">\n\t\t\t\t<div class=\"elementor-widget-container\">\n\t\t\t\t\t\t\t<p>This somewhat more difficult 31.8-kilometer-long route was named after the Mountaineering Society &#8220;Profunda &#8211; Bra\u010d,&#8221; which operates throughout the island and whose members are significantly responsible for the organization of numerous cycling and hiking trails on Bra\u010d.<\/p>\n<p>The trail leads from Postira to the Ethno Eco Village Dol, and from Dol to Ga\u017eul, where you can explore a protected shepherd&#8217;s hut showing the traditional way of life of the Bra\u010d shepherds.<\/p>\n<p>The trail from Ga\u017eul leads to Pra\u017enice and then down to the sea and the sandy bay of Lovre\u010dina, where the archeological site of the Basilica of St. Lawrence from the 5th\/6th century may be seen.<\/p>\n<p>Return to Postira by the path that runs alongside the coastline through a beautiful pine forest.<\/p>\t\t\t\t\t\t<\/div>\n\t\t\t\t<\/div>\n\t\t\t\t<div class=\"elementor-element elementor-element-01d411a elementor-widget elementor-widget-html\" data-id=\"01d411a\" data-element_type=\"widget\" data-widget_type=\"html.default\">\n\t\t\t\t<div class=\"elementor-widget-container\">\n\t\t\t<iframe class=\"alltrails-skip-lazy\" src=\"https:\/\/www.gpsies.com\/mapOnly.do?fileId=drsajbwnmaxoabrs\" loading=\"eager\" width=\"100%\" height=\"600\" frameborder=\"0\" scrolling=\"no\" marginheight=\"0\" marginwidth=\"0\" title=\"AllTrails: Trail Guides and Maps for Hiking, Camping, and Running\"><\/iframe>\t\t<\/div>\n\t\t\t\t<\/div>\n\t\t\t\t<div class=\"elementor-element elementor-element-923eec7 elementor-widget elementor-widget-text-editor\" data-id=\"923eec7\" data-element_type=\"widget\" data-widget_type=\"text-editor.default\">\n\t\t\t\t<div class=\"elementor-widget-container\">\n\t\t\t\t\t\t\t<ul><li>If the map does not load, please change the background by clicking on the button in the lower right corner or click on the path name in the upper right corner<\/li><\/ul>\t\t\t\t\t\t<\/div>\n\t\t\t\t<\/div>\n\t\t\t\t\t<\/div>\n\t\t<\/div>\n\t\t\t\t\t\t\t<\/div>\n\t\t<\/section>\n\t\t\t\t<section class=\"elementor-section elementor-top-section elementor-element elementor-element-bfca567 elementor-section-boxed elementor-section-height-default elementor-section-height-default\" data-id=\"bfca567\" data-element_type=\"section\" id=\"macici\">\n\t\t\t\t\t\t<div class=\"elementor-container elementor-column-gap-default\">\n\t\t\t\t\t<div class=\"elementor-column elementor-col-100 elementor-top-column elementor-element elementor-element-a3367d7\" data-id=\"a3367d7\" data-element_type=\"column\">\n\t\t\t<div class=\"elementor-widget-wrap elementor-element-populated\">\n\t\t\t\t\t\t\t\t<div class=\"elementor-element elementor-element-fdb9b7c elementor-widget elementor-widget-heading\" data-id=\"fdb9b7c\" data-element_type=\"widget\" data-widget_type=\"heading.default\">\n\t\t\t\t<div class=\"elementor-widget-container\">\n\t\t\t<h2 class=\"elementor-heading-title elementor-size-default\">The Maci\u0107i and Vivers Path<\/h2>\t\t<\/div>\n\t\t\t\t<\/div>\n\t\t\t\t<div class=\"elementor-element elementor-element-f2f6075 elementor-widget elementor-widget-text-editor\" data-id=\"f2f6075\" data-element_type=\"widget\" data-widget_type=\"text-editor.default\">\n\t\t\t\t<div class=\"elementor-widget-container\">\n\t\t\t\t\t\t\t<p>This 19.6 km trail was named after supernatural beings connected with Postira and Dol. If you meet a local, do not hesitate to ask him about legends related to those beings. <\/p>\n<p>The path begins in the centre of Postira and continues along outdoor trails which will take you to Mirje archaeological site and then to Eco-Ethno village Dol. Here do not miss to taste hrapo\u0107u\u0161a \u2013 the traditional cake.<\/p>\n<p>The trail further continues to \u0160krip, the oldest Bra\u010d village and then takes you back through the village Splitska and along the shore.<\/p>\t\t\t\t\t\t<\/div>\n\t\t\t\t<\/div>\n\t\t\t\t<div class=\"elementor-element elementor-element-daa047a elementor-widget elementor-widget-html\" data-id=\"daa047a\" data-element_type=\"widget\" data-widget_type=\"html.default\">\n\t\t\t\t<div class=\"elementor-widget-container\">\n\t\t\t<iframe class=\"alltrails-skip-lazy\" src=\"https:\/\/www.gpsies.com\/mapOnly.do?fileId=jllxkrzqihhvrenk\" loading=\"eager\" width=\"100%\" height=\"600\" frameborder=\"0\" scrolling=\"no\" marginheight=\"0\" marginwidth=\"0\" title=\"AllTrails: Trail Guides and Maps for Hiking, Camping, and Running\"><\/iframe>\t\t<\/div>\n\t\t\t\t<\/div>\n\t\t\t\t<div class=\"elementor-element elementor-element-be2695a elementor-widget elementor-widget-text-editor\" data-id=\"be2695a\" data-element_type=\"widget\" data-widget_type=\"text-editor.default\">\n\t\t\t\t<div class=\"elementor-widget-container\">\n\t\t\t\t\t\t\t<ul><li>If the map does not load, please change the background by clicking on the button in the lower right corner or click on the path name in the upper right corner<\/li><\/ul>\t\t\t\t\t\t<\/div>\n\t\t\t\t<\/div>\n\t\t\t\t\t<\/div>\n\t\t<\/div>\n\t\t\t\t\t\t\t<\/div>\n\t\t<\/section>\n\t\t\t\t<section class=\"elementor-section elementor-top-section elementor-element elementor-element-83b1f9a elementor-section-boxed elementor-section-height-default elementor-section-height-default\" data-id=\"83b1f9a\" data-element_type=\"section\">\n\t\t\t\t\t\t<div class=\"elementor-container elementor-column-gap-default\">\n\t\t\t\t\t<div class=\"elementor-column elementor-col-100 elementor-top-column elementor-element elementor-element-c553c7c\" data-id=\"c553c7c\" data-element_type=\"column\">\n\t\t\t<div class=\"elementor-widget-wrap elementor-element-populated\">\n\t\t\t\t\t\t\t\t<div class=\"elementor-element elementor-element-0f5e57e elementor-widget elementor-widget-text-editor\" data-id=\"0f5e57e\" data-element_type=\"widget\" data-widget_type=\"text-editor.default\">\n\t\t\t\t<div class=\"elementor-widget-container\">\n\t\t\t\t\t\t\t<p>For more information on the island of Bra\u010d trails, visit this <a href=\"https:\/\/www.dalmatia-bike.com\/filter-staza\/?keyword=&amp;regija=otok-brac&amp;tezina=&amp;tip_staze=\" target=\"_blank\" rel=\"noopener\">link<\/a>.<\/p>\t\t\t\t\t\t<\/div>\n\t\t\t\t<\/div>\n\t\t\t\t\t<\/div>\n\t\t<\/div>\n\t\t\t\t\t\t\t<\/div>\n\t\t<\/section>\n\t\t\t\t\t\t\t<\/div>\n\t\t","protected":false},"excerpt":{"rendered":"<p>EXPERIENCE Cycling trails Active holiday There are more than 1,000 kilometres of landscaped and marked cycling trails on the island of Bra\u010d. Two trails run through Postira as part of the island&#8217;s joint project: the Profunda trail and the Maci\u0107i and Vivers trail. Profunda Trail This somewhat more difficult 31.8-kilometer-long route was named after the [&hellip;]<\/p>\n","protected":false},"author":1,"featured_media":0,"parent":0,"menu_order":0,"comment_status":"closed","ping_status":"closed","template":"elementor_header_footer","meta":{"footnotes":""},"class_list":["post-4357","page","type-page","status-publish","hentry"],"yoast_head":"<!-- This site is optimized with the Yoast SEO plugin v20.6 - https:\/\/yoast.com\/wordpress\/plugins\/seo\/ -->\n<title>Cycling trails - TZO Postira<\/title>\n<meta name=\"description\" content=\"Posjetite Postira, mjesto jedinstvenog spojapoljoprivrede, ribarske tradicije i turizma.\" \/>\n<meta name=\"robots\" content=\"index, follow, max-snippet:-1, max-image-preview:large, max-video-preview:-1\" \/>\n<link rel=\"canonical\" href=\"https:\/\/postira.hr\/en\/cycling-trails\/\" \/>\n<meta property=\"og:locale\" content=\"en_US\" \/>\n<meta property=\"og:type\" content=\"article\" \/>\n<meta property=\"og:title\" content=\"Cycling trails - TZO Postira\" \/>\n<meta property=\"og:description\" content=\"Posjetite Postira, mjesto jedinstvenog spojapoljoprivrede, ribarske tradicije i turizma.\" \/>\n<meta property=\"og:url\" content=\"https:\/\/postira.hr\/en\/cycling-trails\/\" \/>\n<meta property=\"og:site_name\" content=\"TZO Postira\" \/>\n<meta property=\"article:publisher\" content=\"https:\/\/www.facebook.com\/tzoPostira\" \/>\n<meta property=\"article:modified_time\" content=\"2022-06-20T07:50:58+00:00\" \/>\n<meta name=\"twitter:card\" content=\"summary_large_image\" \/>\n<meta name=\"twitter:label1\" content=\"Est. reading time\" \/>\n\t<meta name=\"twitter:data1\" content=\"2 minutes\" \/>\n<script type=\"application\/ld+json\" class=\"yoast-schema-graph\">{\"@context\":\"https:\/\/schema.org\",\"@graph\":[{\"@type\":\"WebPage\",\"@id\":\"https:\/\/postira.hr\/en\/cycling-trails\/\",\"url\":\"https:\/\/postira.hr\/en\/cycling-trails\/\",\"name\":\"Cycling trails - TZO Postira\",\"isPartOf\":{\"@id\":\"https:\/\/postira.hr\/#website\"},\"datePublished\":\"2022-01-24T11:24:42+00:00\",\"dateModified\":\"2022-06-20T07:50:58+00:00\",\"description\":\"Posjetite Postira, mjesto jedinstvenog spojapoljoprivrede, ribarske tradicije i turizma.\",\"breadcrumb\":{\"@id\":\"https:\/\/postira.hr\/en\/cycling-trails\/#breadcrumb\"},\"inLanguage\":\"en-US\",\"potentialAction\":[{\"@type\":\"ReadAction\",\"target\":[\"https:\/\/postira.hr\/en\/cycling-trails\/\"]}]},{\"@type\":\"BreadcrumbList\",\"@id\":\"https:\/\/postira.hr\/en\/cycling-trails\/#breadcrumb\",\"itemListElement\":[{\"@type\":\"ListItem\",\"position\":1,\"name\":\"Home\",\"item\":\"https:\/\/postira.hr\/\"},{\"@type\":\"ListItem\",\"position\":2,\"name\":\"Cycling trails\"}]},{\"@type\":\"WebSite\",\"@id\":\"https:\/\/postira.hr\/#website\",\"url\":\"https:\/\/postira.hr\/\",\"name\":\"TZO Postira\",\"description\":\"Turisti\u010dka zajednica op\u0107ine Postira\",\"potentialAction\":[{\"@type\":\"SearchAction\",\"target\":{\"@type\":\"EntryPoint\",\"urlTemplate\":\"https:\/\/postira.hr\/?s={search_term_string}\"},\"query-input\":\"required name=search_term_string\"}],\"inLanguage\":\"en-US\"}]}<\/script>\n<!-- \/ Yoast SEO plugin. -->","yoast_head_json":{"title":"Cycling trails - TZO Postira","description":"Posjetite Postira, mjesto jedinstvenog spojapoljoprivrede, ribarske tradicije i turizma.","robots":{"index":"index","follow":"follow","max-snippet":"max-snippet:-1","max-image-preview":"max-image-preview:large","max-video-preview":"max-video-preview:-1"},"canonical":"https:\/\/postira.hr\/en\/cycling-trails\/","og_locale":"en_US","og_type":"article","og_title":"Cycling trails - TZO Postira","og_description":"Posjetite Postira, mjesto jedinstvenog spojapoljoprivrede, ribarske tradicije i turizma.","og_url":"https:\/\/postira.hr\/en\/cycling-trails\/","og_site_name":"TZO Postira","article_publisher":"https:\/\/www.facebook.com\/tzoPostira","article_modified_time":"2022-06-20T07:50:58+00:00","twitter_card":"summary_large_image","twitter_misc":{"Est. reading time":"2 minutes"},"schema":{"@context":"https:\/\/schema.org","@graph":[{"@type":"WebPage","@id":"https:\/\/postira.hr\/en\/cycling-trails\/","url":"https:\/\/postira.hr\/en\/cycling-trails\/","name":"Cycling trails - TZO Postira","isPartOf":{"@id":"https:\/\/postira.hr\/#website"},"datePublished":"2022-01-24T11:24:42+00:00","dateModified":"2022-06-20T07:50:58+00:00","description":"Posjetite Postira, mjesto jedinstvenog spojapoljoprivrede, ribarske tradicije i turizma.","breadcrumb":{"@id":"https:\/\/postira.hr\/en\/cycling-trails\/#breadcrumb"},"inLanguage":"en-US","potentialAction":[{"@type":"ReadAction","target":["https:\/\/postira.hr\/en\/cycling-trails\/"]}]},{"@type":"BreadcrumbList","@id":"https:\/\/postira.hr\/en\/cycling-trails\/#breadcrumb","itemListElement":[{"@type":"ListItem","position":1,"name":"Home","item":"https:\/\/postira.hr\/"},{"@type":"ListItem","position":2,"name":"Cycling trails"}]},{"@type":"WebSite","@id":"https:\/\/postira.hr\/#website","url":"https:\/\/postira.hr\/","name":"TZO Postira","description":"Turisti\u010dka zajednica op\u0107ine Postira","potentialAction":[{"@type":"SearchAction","target":{"@type":"EntryPoint","urlTemplate":"https:\/\/postira.hr\/?s={search_term_string}"},"query-input":"required name=search_term_string"}],"inLanguage":"en-US"}]}},"_links":{"self":[{"href":"https:\/\/postira.hr\/en\/wp-json\/wp\/v2\/pages\/4357","targetHints":{"allow":["GET"]}}],"collection":[{"href":"https:\/\/postira.hr\/en\/wp-json\/wp\/v2\/pages"}],"about":[{"href":"https:\/\/postira.hr\/en\/wp-json\/wp\/v2\/types\/page"}],"author":[{"embeddable":true,"href":"https:\/\/postira.hr\/en\/wp-json\/wp\/v2\/users\/1"}],"replies":[{"embeddable":true,"href":"https:\/\/postira.hr\/en\/wp-json\/wp\/v2\/comments?post=4357"}],"version-history":[{"count":0,"href":"https:\/\/postira.hr\/en\/wp-json\/wp\/v2\/pages\/4357\/revisions"}],"wp:attachment":[{"href":"https:\/\/postira.hr\/en\/wp-json\/wp\/v2\/media?parent=4357"}],"curies":[{"name":"wp","href":"https:\/\/api.w.org\/{rel}","templated":true}]}}