{"id":4401,"date":"2022-02-15T15:35:35","date_gmt":"2022-02-15T14:35:35","guid":{"rendered":"https:\/\/postira.hr\/hrapocusa-cake\/"},"modified":"2022-06-20T10:30:51","modified_gmt":"2022-06-20T08:30:51","slug":"hrapocusa-cake","status":"publish","type":"page","link":"https:\/\/postira.hr\/en\/hrapocusa-cake\/","title":{"rendered":"Hrapo\u0107u\u0161a Cake"},"content":{"rendered":"\t\t<div data-elementor-type=\"wp-page\" data-elementor-id=\"4401\" class=\"elementor elementor-4401 elementor-1642\">\n\t\t\t\t\t\t\t\t\t<section class=\"elementor-section elementor-top-section elementor-element elementor-element-a146dc0 elementor-section-height-min-height elementor-section-boxed elementor-section-height-default elementor-section-items-middle\" data-id=\"a146dc0\" data-element_type=\"section\" data-settings=\"{&quot;background_background&quot;:&quot;classic&quot;}\">\n\t\t\t\t\t\t\t<div class=\"elementor-background-overlay\"><\/div>\n\t\t\t\t\t\t\t<div class=\"elementor-container elementor-column-gap-no\">\n\t\t\t\t\t<div class=\"elementor-column elementor-col-50 elementor-top-column elementor-element elementor-element-6af154a5\" data-id=\"6af154a5\" data-element_type=\"column\">\n\t\t\t<div class=\"elementor-widget-wrap elementor-element-populated\">\n\t\t\t\t\t\t\t\t<div class=\"elementor-element elementor-element-09adadc e-transform elementor-invisible elementor-widget elementor-widget-heading\" data-id=\"09adadc\" data-element_type=\"widget\" data-settings=\"{&quot;_animation&quot;:&quot;slideInUp&quot;,&quot;_transform_rotateZ_effect&quot;:{&quot;unit&quot;:&quot;px&quot;,&quot;size&quot;:-90,&quot;sizes&quot;:[]},&quot;_transform_rotateZ_effect_laptop&quot;:{&quot;unit&quot;:&quot;deg&quot;,&quot;size&quot;:&quot;&quot;,&quot;sizes&quot;:[]},&quot;_transform_rotateZ_effect_tablet_extra&quot;:{&quot;unit&quot;:&quot;deg&quot;,&quot;size&quot;:&quot;&quot;,&quot;sizes&quot;:[]},&quot;_transform_rotateZ_effect_tablet&quot;:{&quot;unit&quot;:&quot;deg&quot;,&quot;size&quot;:&quot;&quot;,&quot;sizes&quot;:[]},&quot;_transform_rotateZ_effect_mobile&quot;:{&quot;unit&quot;:&quot;deg&quot;,&quot;size&quot;:&quot;&quot;,&quot;sizes&quot;:[]}}\" data-widget_type=\"heading.default\">\n\t\t\t\t<div class=\"elementor-widget-container\">\n\t\t\t<style>\/*! elementor - v3.12.2 - 23-04-2023 *\/\n.elementor-heading-title{padding:0;margin:0;line-height:1}.elementor-widget-heading .elementor-heading-title[class*=elementor-size-]>a{color:inherit;font-size:inherit;line-height:inherit}.elementor-widget-heading .elementor-heading-title.elementor-size-small{font-size:15px}.elementor-widget-heading .elementor-heading-title.elementor-size-medium{font-size:19px}.elementor-widget-heading .elementor-heading-title.elementor-size-large{font-size:29px}.elementor-widget-heading .elementor-heading-title.elementor-size-xl{font-size:39px}.elementor-widget-heading .elementor-heading-title.elementor-size-xxl{font-size:59px}<\/style><h2 class=\"elementor-heading-title elementor-size-default\">TASTE<\/h2>\t\t<\/div>\n\t\t\t\t<\/div>\n\t\t\t\t\t<\/div>\n\t\t<\/div>\n\t\t\t\t<div class=\"elementor-column elementor-col-50 elementor-top-column elementor-element elementor-element-13e5374\" data-id=\"13e5374\" data-element_type=\"column\">\n\t\t\t<div class=\"elementor-widget-wrap elementor-element-populated\">\n\t\t\t\t\t\t\t\t<div class=\"elementor-element elementor-element-2cc122f elementor-invisible elementor-widget elementor-widget-heading\" data-id=\"2cc122f\" data-element_type=\"widget\" data-settings=\"{&quot;_animation&quot;:&quot;fadeInDown&quot;}\" data-widget_type=\"heading.default\">\n\t\t\t\t<div class=\"elementor-widget-container\">\n\t\t\t<h2 class=\"elementor-heading-title elementor-size-default\">Hrapo\u0107u\u0161a Cake<\/h2>\t\t<\/div>\n\t\t\t\t<\/div>\n\t\t\t\t\t<\/div>\n\t\t<\/div>\n\t\t\t\t\t\t\t<\/div>\n\t\t<\/section>\n\t\t\t\t<section class=\"elementor-section elementor-top-section elementor-element elementor-element-61a426d1 elementor-section-boxed elementor-section-height-default elementor-section-height-default\" data-id=\"61a426d1\" data-element_type=\"section\">\n\t\t\t\t\t\t<div class=\"elementor-container elementor-column-gap-default\">\n\t\t\t\t\t<div class=\"elementor-column elementor-col-33 elementor-top-column elementor-element elementor-element-3359076f\" data-id=\"3359076f\" data-element_type=\"column\">\n\t\t\t<div class=\"elementor-widget-wrap elementor-element-populated\">\n\t\t\t\t\t\t\t\t<div class=\"elementor-element elementor-element-5f3fd57 elementor-invisible elementor-widget elementor-widget-heading\" data-id=\"5f3fd57\" data-element_type=\"widget\" data-settings=\"{&quot;_animation&quot;:&quot;fadeInLeft&quot;}\" data-widget_type=\"heading.default\">\n\t\t\t\t<div class=\"elementor-widget-container\">\n\t\t\t<h2 class=\"elementor-heading-title elementor-size-default\">About the cake<\/h2>\t\t<\/div>\n\t\t\t\t<\/div>\n\t\t\t\t<div class=\"elementor-element elementor-element-4c79a12b elementor-invisible elementor-widget elementor-widget-text-editor\" data-id=\"4c79a12b\" data-element_type=\"widget\" data-settings=\"{&quot;_animation&quot;:&quot;fadeInUp&quot;}\" data-widget_type=\"text-editor.default\">\n\t\t\t\t<div class=\"elementor-widget-container\">\n\t\t\t<style>\/*! elementor - v3.12.2 - 23-04-2023 *\/\n.elementor-widget-text-editor.elementor-drop-cap-view-stacked .elementor-drop-cap{background-color:#69727d;color:#fff}.elementor-widget-text-editor.elementor-drop-cap-view-framed .elementor-drop-cap{color:#69727d;border:3px solid;background-color:transparent}.elementor-widget-text-editor:not(.elementor-drop-cap-view-default) .elementor-drop-cap{margin-top:8px}.elementor-widget-text-editor:not(.elementor-drop-cap-view-default) .elementor-drop-cap-letter{width:1em;height:1em}.elementor-widget-text-editor .elementor-drop-cap{float:left;text-align:center;line-height:1;font-size:50px}.elementor-widget-text-editor .elementor-drop-cap-letter{display:inline-block}<\/style>\t\t\t\t<p>The story of Dol&#8217;s hrapo\u0107u\u0161a is a story of the preparation of a traditional dish from the island of Bra\u010d.<\/p><p>It is also the story of the beautiful ethno eco village of Dol, which formed the mentality of people who, through their actions, enriched their daily lives and deserved that the aforementioned skills be included on the Ministry of Culture of the Republic of Croatia&#8217;s list of protected cultural heritage.<\/p><p>Dol cake is distinguished by its rough and rustic look, and it was called after the local stone &#8220;hrapo\u0107u\u0161a&#8221; to which the dessert irresistibly reminds.<\/p><p>It is a reddish-colored rugged stone used in the construction of drywall as well as residential and outhouse complexes.<\/p><p>There is no wedding or other important event in Dol without hrapo\u0107u\u0161a. Every woman keeps her recipe jealously and during the time that secret was transferred by oral tradition to younger generations because there was no written recipe for the preparation of that cake. <\/p>\t\t\t\t\t\t<\/div>\n\t\t\t\t<\/div>\n\t\t\t\t\t<\/div>\n\t\t<\/div>\n\t\t\t\t<div class=\"elementor-column elementor-col-33 elementor-top-column elementor-element elementor-element-448e9b6a\" data-id=\"448e9b6a\" data-element_type=\"column\">\n\t\t\t<div class=\"elementor-widget-wrap elementor-element-populated\">\n\t\t\t\t\t\t\t\t<div class=\"elementor-element elementor-element-3f187cb2 elementor-invisible elementor-widget elementor-widget-image\" data-id=\"3f187cb2\" data-element_type=\"widget\" data-settings=\"{&quot;_animation&quot;:&quot;fadeInUp&quot;}\" data-widget_type=\"image.default\">\n\t\t\t\t<div class=\"elementor-widget-container\">\n\t\t\t<style>\/*! elementor - v3.12.2 - 23-04-2023 *\/\n.elementor-widget-image{text-align:center}.elementor-widget-image a{display:inline-block}.elementor-widget-image a img[src$=\".svg\"]{width:48px}.elementor-widget-image img{vertical-align:middle;display:inline-block}<\/style>\t\t\t\t\t\t\t\t\t\t\t\t\t<a href=\"https:\/\/postira.hr\/wp-content\/uploads\/2022\/02\/Hrapocusa-arhiva-tzo-postira.jpg\" data-elementor-open-lightbox=\"yes\" data-e-action-hash=\"#elementor-action%3Aaction%3Dlightbox%26settings%3DeyJpZCI6MTY1OCwidXJsIjoiaHR0cHM6XC9cL3Bvc3RpcmEuaHJcL3dwLWNvbnRlbnRcL3VwbG9hZHNcLzIwMjJcLzAyXC9IcmFwb2N1c2EtYXJoaXZhLXR6by1wb3N0aXJhLmpwZyJ9\">\n\t\t\t\t\t\t\t<img decoding=\"async\" src=\"https:\/\/postira.hr\/wp-content\/uploads\/elementor\/thumbs\/Hrapocusa-arhiva-tzo-postira-pkl9dacr2vlkh4dtuv6enuuc3azp5gsk4rsszol358.jpg\" title=\"Hrapocusa-arhiva-tzo-postira\" alt=\"Hrapocusa-arhiva-tzo-postira\" loading=\"lazy\" \/>\t\t\t\t\t\t\t\t<\/a>\n\t\t\t\t\t\t\t\t\t\t\t\t\t\t\t<\/div>\n\t\t\t\t<\/div>\n\t\t\t\t\t<\/div>\n\t\t<\/div>\n\t\t\t\t<div class=\"elementor-column elementor-col-33 elementor-top-column elementor-element elementor-element-3ab955cb\" data-id=\"3ab955cb\" data-element_type=\"column\">\n\t\t\t<div class=\"elementor-widget-wrap elementor-element-populated\">\n\t\t\t\t\t\t\t\t<div class=\"elementor-element elementor-element-1719a096 elementor-invisible elementor-widget elementor-widget-image\" data-id=\"1719a096\" data-element_type=\"widget\" data-settings=\"{&quot;_animation&quot;:&quot;fadeInUp&quot;}\" data-widget_type=\"image.default\">\n\t\t\t\t<div class=\"elementor-widget-container\">\n\t\t\t\t\t\t\t\t\t\t\t\t\t\t\t\t<a href=\"https:\/\/postira.hr\/wp-content\/uploads\/2022\/02\/9a812abc0c171d442928.jpeg\" data-elementor-open-lightbox=\"yes\" data-e-action-hash=\"#elementor-action%3Aaction%3Dlightbox%26settings%3DeyJpZCI6MTY2MiwidXJsIjoiaHR0cHM6XC9cL3Bvc3RpcmEuaHJcL3dwLWNvbnRlbnRcL3VwbG9hZHNcLzIwMjJcLzAyXC85YTgxMmFiYzBjMTcxZDQ0MjkyOC5qcGVnIn0%3D\">\n\t\t\t\t\t\t\t<img decoding=\"async\" src=\"https:\/\/postira.hr\/wp-content\/uploads\/elementor\/thumbs\/9a812abc0c171d442928-pkl9dc8fgjnyzd3t92dx8pm95x7673eo0zgfccjt34.jpeg\" title=\"9a812abc0c171d442928\" alt=\"9a812abc0c171d442928\" loading=\"lazy\" \/>\t\t\t\t\t\t\t\t<\/a>\n\t\t\t\t\t\t\t\t\t\t\t\t\t\t\t<\/div>\n\t\t\t\t<\/div>\n\t\t\t\t<div class=\"elementor-element elementor-element-6cc94ba8 elementor-invisible elementor-widget elementor-widget-image\" data-id=\"6cc94ba8\" data-element_type=\"widget\" data-settings=\"{&quot;_animation&quot;:&quot;fadeInUp&quot;}\" data-widget_type=\"image.default\">\n\t\t\t\t<div class=\"elementor-widget-container\">\n\t\t\t\t\t\t\t\t\t\t\t\t\t\t\t\t<a href=\"https:\/\/postira.hr\/wp-content\/uploads\/2022\/02\/54d4d3b0ec155d52689e.jpeg\" data-elementor-open-lightbox=\"yes\" data-e-action-hash=\"#elementor-action%3Aaction%3Dlightbox%26settings%3DeyJpZCI6MTY2MywidXJsIjoiaHR0cHM6XC9cL3Bvc3RpcmEuaHJcL3dwLWNvbnRlbnRcL3VwbG9hZHNcLzIwMjJcLzAyXC81NGQ0ZDNiMGVjMTU1ZDUyNjg5ZS5qcGVnIn0%3D\">\n\t\t\t\t\t\t\t<img loading=\"lazy\" decoding=\"async\" width=\"787\" height=\"446\" src=\"https:\/\/postira.hr\/wp-content\/uploads\/2022\/02\/54d4d3b0ec155d52689e.jpeg\" class=\"attachment-full size-full wp-image-1663\" alt=\"\" srcset=\"https:\/\/postira.hr\/wp-content\/uploads\/2022\/02\/54d4d3b0ec155d52689e.jpeg 787w, https:\/\/postira.hr\/wp-content\/uploads\/2022\/02\/54d4d3b0ec155d52689e-300x170.jpeg 300w, https:\/\/postira.hr\/wp-content\/uploads\/2022\/02\/54d4d3b0ec155d52689e-768x435.jpeg 768w\" sizes=\"auto, (max-width: 787px) 100vw, 787px\" \/>\t\t\t\t\t\t\t\t<\/a>\n\t\t\t\t\t\t\t\t\t\t\t\t\t\t\t<\/div>\n\t\t\t\t<\/div>\n\t\t\t\t\t<\/div>\n\t\t<\/div>\n\t\t\t\t\t\t\t<\/div>\n\t\t<\/section>\n\t\t\t\t<section class=\"elementor-section elementor-top-section elementor-element elementor-element-ca3cdb1 elementor-section-height-min-height elementor-section-boxed elementor-section-height-default elementor-section-items-middle\" data-id=\"ca3cdb1\" data-element_type=\"section\" data-settings=\"{&quot;background_background&quot;:&quot;classic&quot;}\">\n\t\t\t\t\t\t\t<div class=\"elementor-background-overlay\"><\/div>\n\t\t\t\t\t\t\t<div class=\"elementor-container elementor-column-gap-default\">\n\t\t\t\t\t<div class=\"elementor-column elementor-col-100 elementor-top-column elementor-element elementor-element-e7f1309\" data-id=\"e7f1309\" data-element_type=\"column\">\n\t\t\t<div class=\"elementor-widget-wrap elementor-element-populated\">\n\t\t\t\t\t\t\t\t\t<\/div>\n\t\t<\/div>\n\t\t\t\t\t\t\t<\/div>\n\t\t<\/section>\n\t\t\t\t<section class=\"elementor-section elementor-top-section elementor-element elementor-element-b69d42f elementor-section-content-middle elementor-reverse-mobile elementor-section-boxed elementor-section-height-default elementor-section-height-default\" data-id=\"b69d42f\" data-element_type=\"section\" data-settings=\"{&quot;background_background&quot;:&quot;classic&quot;}\">\n\t\t\t\t\t\t\t<div class=\"elementor-background-overlay\"><\/div>\n\t\t\t\t\t\t\t<div class=\"elementor-container elementor-column-gap-default\">\n\t\t\t\t\t<div class=\"elementor-column elementor-col-50 elementor-top-column elementor-element elementor-element-f9a4ea8\" data-id=\"f9a4ea8\" data-element_type=\"column\">\n\t\t\t<div class=\"elementor-widget-wrap elementor-element-populated\">\n\t\t\t\t\t\t\t\t<div class=\"elementor-element elementor-element-af8f8c9 elementor-invisible elementor-widget elementor-widget-heading\" data-id=\"af8f8c9\" data-element_type=\"widget\" data-settings=\"{&quot;_animation&quot;:&quot;fadeInRight&quot;}\" data-widget_type=\"heading.default\">\n\t\t\t\t<div class=\"elementor-widget-container\">\n\t\t\t<h2 class=\"elementor-heading-title elementor-size-default\">Ingredients for 12 pieces<\/h2>\t\t<\/div>\n\t\t\t\t<\/div>\n\t\t\t\t<div class=\"elementor-element elementor-element-e779f81 elementor-invisible elementor-widget elementor-widget-text-editor\" data-id=\"e779f81\" data-element_type=\"widget\" data-settings=\"{&quot;_animation&quot;:&quot;fadeInUp&quot;}\" data-widget_type=\"text-editor.default\">\n\t\t\t\t<div class=\"elementor-widget-container\">\n\t\t\t\t\t\t\t<strong>Biscuit:<\/strong>\n<ul>\n \t<li>12 egg yolks<\/li>\n \t<li>4 egg whites<\/li>\n \t<li>12 tablespoons of sugar<\/li>\n \t<li>4 tablespoons of warm water<\/li>\n \t<li>12 tablespoons of flour<\/li>\n \t<li>a little rum<\/li>\n \t<li>vanilla extract (optional)<\/li>\n \t<li>some lemon zest<\/li>\n<\/ul>\n<strong>Dressing:<\/strong>\n<ul>\n \t<li>1\/2 kilos of sugar<\/li>\n \t<li>3\/4 kilos of halved walnuts<\/li>\n \t<li>8 egg whites<\/li>\n<\/ul>\t\t\t\t\t\t<\/div>\n\t\t\t\t<\/div>\n\t\t\t\t\t<\/div>\n\t\t<\/div>\n\t\t\t\t<div class=\"elementor-column elementor-col-50 elementor-top-column elementor-element elementor-element-cb5eff9\" data-id=\"cb5eff9\" data-element_type=\"column\">\n\t\t\t<div class=\"elementor-widget-wrap elementor-element-populated\">\n\t\t\t\t\t\t\t\t<div class=\"elementor-element elementor-element-4dc385f elementor-invisible elementor-widget elementor-widget-heading\" data-id=\"4dc385f\" data-element_type=\"widget\" data-settings=\"{&quot;_animation&quot;:&quot;fadeInRight&quot;}\" data-widget_type=\"heading.default\">\n\t\t\t\t<div class=\"elementor-widget-container\">\n\t\t\t<h2 class=\"elementor-heading-title elementor-size-default\">Traditional recipe<\/h2>\t\t<\/div>\n\t\t\t\t<\/div>\n\t\t\t\t<div class=\"elementor-element elementor-element-e8fbed5 elementor-invisible elementor-widget elementor-widget-text-editor\" data-id=\"e8fbed5\" data-element_type=\"widget\" data-settings=\"{&quot;_animation&quot;:&quot;fadeInUp&quot;}\" data-widget_type=\"text-editor.default\">\n\t\t\t\t<div class=\"elementor-widget-container\">\n\t\t\t\t\t\t\t<ol><li>Preheat the oven to 250\u00b0C (480\u00b0F).<\/li><li>Cream twelve egg yolks, four egg whites and twelve large tablespoons of sugar until biscuit mixture is formed.<\/li><li>Add four large tablespoons of warm water, twelve tablespoons of flour, some rum, vanilla extract and grated lemon zest.<\/li><li>Cover the bottom of the pot with the baking paper and pour in the mixture.<\/li><li>After placing the pan in the oven, close the oven door and decrease the temperature to 200\u00b0C (392\u00b0F). Reduce the temperature to 180\u00b0C (350\u00b0F) after 5 minutes, and then to 160\u00b0C (320\u00b0F) after 15 minutes. Continue to bake at 160\u00b0C (320\u00b0F) until the cake is golden brown and a toothpick inserted into the center comes out clean. Remove the cake from the oven after around 55 minutes.   <\/li><li>While the first layer bakes, whisk together the nuts, sugar, and 8 egg whites in a large oven-safe saucepan.<\/li><li>Turn the cooking plate to high heat and continue stirring until the sugar has fully melted and the egg whites have turned a dark caramelized color.<\/li><li>Mix in the lemon juice, lemon zest, and vanilla extract with the nuts.<\/li><li>Pour the mixture carefully over the baked and cooled biscuit, covering it thoroughly on all sides.<\/li><li>Return it to the oven. Allow the cake to dry and become crispy for around 15 minutes before removing it from the oven and allowing it to cool for about 1.5 hours.<\/li><li>After the cake has cooled, run the butter knife over the rim of the cake to separate it from the sides of the pot. Wrap the cake in plastic foil and place it in the freezer overnight. <\/li><li>Remove the cake from the refrigerator for 10 minutes before serving to allow it to defrost. Enjoy the hrapo\u0107u\u0161a cake!<\/li><\/ol>\t\t\t\t\t\t<\/div>\n\t\t\t\t<\/div>\n\t\t\t\t\t<\/div>\n\t\t<\/div>\n\t\t\t\t\t\t\t<\/div>\n\t\t<\/section>\n\t\t\t\t\t\t\t<\/div>\n\t\t","protected":false},"excerpt":{"rendered":"<p>TASTE Hrapo\u0107u\u0161a Cake About the cake The story of Dol&#8217;s hrapo\u0107u\u0161a is a story of the preparation of a traditional dish from the island of Bra\u010d. It is also the story of the beautiful ethno eco village of Dol, which formed the mentality of people who, through their actions, enriched their daily lives and deserved [&hellip;]<\/p>\n","protected":false},"author":1,"featured_media":0,"parent":0,"menu_order":0,"comment_status":"closed","ping_status":"closed","template":"elementor_header_footer","meta":{"footnotes":""},"class_list":["post-4401","page","type-page","status-publish","hentry"],"yoast_head":"<!-- This site is optimized with the Yoast SEO plugin v20.6 - https:\/\/yoast.com\/wordpress\/plugins\/seo\/ -->\n<title>Hrapo\u0107u\u0161a Cake - TZO Postira<\/title>\n<meta name=\"description\" content=\"Posjetite Postira, mjesto jedinstvenog spojapoljoprivrede, ribarske tradicije i turizma.\" \/>\n<meta name=\"robots\" content=\"index, follow, max-snippet:-1, max-image-preview:large, max-video-preview:-1\" \/>\n<link rel=\"canonical\" href=\"https:\/\/postira.hr\/en\/hrapocusa-cake\/\" \/>\n<meta property=\"og:locale\" content=\"en_US\" \/>\n<meta property=\"og:type\" content=\"article\" \/>\n<meta property=\"og:title\" content=\"Hrapo\u0107u\u0161a Cake - TZO Postira\" \/>\n<meta property=\"og:description\" content=\"Posjetite Postira, mjesto jedinstvenog spojapoljoprivrede, ribarske tradicije i turizma.\" \/>\n<meta property=\"og:url\" content=\"https:\/\/postira.hr\/en\/hrapocusa-cake\/\" \/>\n<meta property=\"og:site_name\" content=\"TZO Postira\" \/>\n<meta property=\"article:publisher\" content=\"https:\/\/www.facebook.com\/tzoPostira\" \/>\n<meta property=\"article:modified_time\" content=\"2022-06-20T08:30:51+00:00\" \/>\n<meta property=\"og:image\" content=\"https:\/\/postira.hr\/wp-content\/uploads\/elementor\/thumbs\/Hrapocusa-arhiva-tzo-postira-pkl9dacr2vlkh4dtuv6enuuc3azp5gsk4rsszol358.jpg\" \/>\n<meta name=\"twitter:card\" content=\"summary_large_image\" \/>\n<meta name=\"twitter:label1\" content=\"Est. reading time\" \/>\n\t<meta name=\"twitter:data1\" content=\"2 minutes\" \/>\n<script type=\"application\/ld+json\" class=\"yoast-schema-graph\">{\"@context\":\"https:\/\/schema.org\",\"@graph\":[{\"@type\":\"WebPage\",\"@id\":\"https:\/\/postira.hr\/en\/hrapocusa-cake\/\",\"url\":\"https:\/\/postira.hr\/en\/hrapocusa-cake\/\",\"name\":\"Hrapo\u0107u\u0161a Cake - TZO Postira\",\"isPartOf\":{\"@id\":\"https:\/\/postira.hr\/#website\"},\"datePublished\":\"2022-02-15T14:35:35+00:00\",\"dateModified\":\"2022-06-20T08:30:51+00:00\",\"description\":\"Posjetite Postira, mjesto jedinstvenog spojapoljoprivrede, ribarske tradicije i turizma.\",\"breadcrumb\":{\"@id\":\"https:\/\/postira.hr\/en\/hrapocusa-cake\/#breadcrumb\"},\"inLanguage\":\"en-US\",\"potentialAction\":[{\"@type\":\"ReadAction\",\"target\":[\"https:\/\/postira.hr\/en\/hrapocusa-cake\/\"]}]},{\"@type\":\"BreadcrumbList\",\"@id\":\"https:\/\/postira.hr\/en\/hrapocusa-cake\/#breadcrumb\",\"itemListElement\":[{\"@type\":\"ListItem\",\"position\":1,\"name\":\"Home\",\"item\":\"https:\/\/postira.hr\/\"},{\"@type\":\"ListItem\",\"position\":2,\"name\":\"Hrapo\u0107u\u0161a Cake\"}]},{\"@type\":\"WebSite\",\"@id\":\"https:\/\/postira.hr\/#website\",\"url\":\"https:\/\/postira.hr\/\",\"name\":\"TZO Postira\",\"description\":\"Turisti\u010dka zajednica op\u0107ine Postira\",\"potentialAction\":[{\"@type\":\"SearchAction\",\"target\":{\"@type\":\"EntryPoint\",\"urlTemplate\":\"https:\/\/postira.hr\/?s={search_term_string}\"},\"query-input\":\"required name=search_term_string\"}],\"inLanguage\":\"en-US\"}]}<\/script>\n<!-- \/ Yoast SEO plugin. -->","yoast_head_json":{"title":"Hrapo\u0107u\u0161a Cake - TZO Postira","description":"Posjetite Postira, mjesto jedinstvenog spojapoljoprivrede, ribarske tradicije i turizma.","robots":{"index":"index","follow":"follow","max-snippet":"max-snippet:-1","max-image-preview":"max-image-preview:large","max-video-preview":"max-video-preview:-1"},"canonical":"https:\/\/postira.hr\/en\/hrapocusa-cake\/","og_locale":"en_US","og_type":"article","og_title":"Hrapo\u0107u\u0161a Cake - TZO Postira","og_description":"Posjetite Postira, mjesto jedinstvenog spojapoljoprivrede, ribarske tradicije i turizma.","og_url":"https:\/\/postira.hr\/en\/hrapocusa-cake\/","og_site_name":"TZO Postira","article_publisher":"https:\/\/www.facebook.com\/tzoPostira","article_modified_time":"2022-06-20T08:30:51+00:00","og_image":[{"url":"https:\/\/postira.hr\/wp-content\/uploads\/elementor\/thumbs\/Hrapocusa-arhiva-tzo-postira-pkl9dacr2vlkh4dtuv6enuuc3azp5gsk4rsszol358.jpg"}],"twitter_card":"summary_large_image","twitter_misc":{"Est. reading time":"2 minutes"},"schema":{"@context":"https:\/\/schema.org","@graph":[{"@type":"WebPage","@id":"https:\/\/postira.hr\/en\/hrapocusa-cake\/","url":"https:\/\/postira.hr\/en\/hrapocusa-cake\/","name":"Hrapo\u0107u\u0161a Cake - TZO Postira","isPartOf":{"@id":"https:\/\/postira.hr\/#website"},"datePublished":"2022-02-15T14:35:35+00:00","dateModified":"2022-06-20T08:30:51+00:00","description":"Posjetite Postira, mjesto jedinstvenog spojapoljoprivrede, ribarske tradicije i turizma.","breadcrumb":{"@id":"https:\/\/postira.hr\/en\/hrapocusa-cake\/#breadcrumb"},"inLanguage":"en-US","potentialAction":[{"@type":"ReadAction","target":["https:\/\/postira.hr\/en\/hrapocusa-cake\/"]}]},{"@type":"BreadcrumbList","@id":"https:\/\/postira.hr\/en\/hrapocusa-cake\/#breadcrumb","itemListElement":[{"@type":"ListItem","position":1,"name":"Home","item":"https:\/\/postira.hr\/"},{"@type":"ListItem","position":2,"name":"Hrapo\u0107u\u0161a Cake"}]},{"@type":"WebSite","@id":"https:\/\/postira.hr\/#website","url":"https:\/\/postira.hr\/","name":"TZO Postira","description":"Turisti\u010dka zajednica op\u0107ine Postira","potentialAction":[{"@type":"SearchAction","target":{"@type":"EntryPoint","urlTemplate":"https:\/\/postira.hr\/?s={search_term_string}"},"query-input":"required name=search_term_string"}],"inLanguage":"en-US"}]}},"_links":{"self":[{"href":"https:\/\/postira.hr\/en\/wp-json\/wp\/v2\/pages\/4401","targetHints":{"allow":["GET"]}}],"collection":[{"href":"https:\/\/postira.hr\/en\/wp-json\/wp\/v2\/pages"}],"about":[{"href":"https:\/\/postira.hr\/en\/wp-json\/wp\/v2\/types\/page"}],"author":[{"embeddable":true,"href":"https:\/\/postira.hr\/en\/wp-json\/wp\/v2\/users\/1"}],"replies":[{"embeddable":true,"href":"https:\/\/postira.hr\/en\/wp-json\/wp\/v2\/comments?post=4401"}],"version-history":[{"count":0,"href":"https:\/\/postira.hr\/en\/wp-json\/wp\/v2\/pages\/4401\/revisions"}],"wp:attachment":[{"href":"https:\/\/postira.hr\/en\/wp-json\/wp\/v2\/media?parent=4401"}],"curies":[{"name":"wp","href":"https:\/\/api.w.org\/{rel}","templated":true}]}}